{"id":38,"date":"2024-03-17T02:20:38","date_gmt":"2024-03-17T01:20:38","guid":{"rendered":"http:\/\/susucoats.eu\/?page_id=38"},"modified":"2025-03-05T16:13:45","modified_gmt":"2025-03-05T15:13:45","slug":"offene-innovation","status":"publish","type":"page","link":"https:\/\/susucoats.eu\/nl\/offene-innovation\/","title":{"rendered":"Open innovatie"},"content":{"rendered":"<div class=\"wp-block-columns alignwide is-layout-flex wp-container-core-columns-is-layout-28f84493 wp-block-columns-is-layout-flex\">\n<div class=\"wp-block-column is-layout-flow wp-block-column-is-layout-flow\">\n<p>Doe mee aan SuSuCoats' Open Project Deel en geef vorm aan de toekomst van duurzame coatings door samenwerking en het delen van kennis. SuSuCoats' Open Project Part is een unieke kans voor onderzoekers, ontwikkelaars en industrieleiders om samen te werken aan innovatieve oplossingen voor de meest urgente uitdagingen van de coatingindustrie.<\/p>\n\n\n\n<p>Door onze krachten te bundelen en onze kennis te delen, kunnen we de ontwikkeling van duurzame coatings die oppervlakken en het milieu beschermen, versnellen. Of je nu een expert bent in materiaalkunde, chemie of engineering, er is een plek voor je in het open projectgedeelte van SuSuCoats.<\/p>\n<\/div>\n<\/div>\n\n\n\n<div class=\"wp-block-cover alignfull\"><span aria-hidden=\"true\" class=\"wp-block-cover__background has-background-dim\"><\/span><img loading=\"lazy\" decoding=\"async\" width=\"1500\" height=\"998\" class=\"wp-block-cover__image-background wp-image-119\" alt=\"\" src=\"http:\/\/susucoats.eu\/wp-content\/uploads\/2024\/03\/HSN_Labor_HIT_021_klein.jpg\" data-object-fit=\"cover\" srcset=\"https:\/\/susucoats.eu\/wp-content\/uploads\/2024\/03\/HSN_Labor_HIT_021_klein.jpg 1500w, https:\/\/susucoats.eu\/wp-content\/uploads\/2024\/03\/HSN_Labor_HIT_021_klein-300x200.jpg 300w, https:\/\/susucoats.eu\/wp-content\/uploads\/2024\/03\/HSN_Labor_HIT_021_klein-1024x681.jpg 1024w, https:\/\/susucoats.eu\/wp-content\/uploads\/2024\/03\/HSN_Labor_HIT_021_klein-768x511.jpg 768w\" sizes=\"auto, (max-width: 1500px) 100vw, 1500px\" \/><div class=\"wp-block-cover__inner-container has-global-padding is-layout-constrained wp-block-cover-is-layout-constrained\">\n<p class=\"has-text-align-center has-large-font-size\"><strong>Onze open projecten en hoe je kunt deelnemen<\/strong><\/p>\n\n\n\n<div class=\"wp-block-columns alignwide is-layout-flex wp-container-core-columns-is-layout-28f84493 wp-block-columns-is-layout-flex\">\n<div class=\"wp-block-column is-vertically-aligned-center is-layout-flow wp-block-column-is-layout-flow\">\n<p>Doe mee met SuSuCoats' Open Project Deel en krijg toegang tot geavanceerde technologie\u00ebn en middelen (\u20ac50.000) om de ontwikkeling van duurzame coatingoplossingen te versnellen. SuSuCoats' Open Project Deel is een open platform waar individuen en organisaties kunnen samenwerken aan onderzoeks- en ontwikkelingsprojecten met betrekking tot duurzame coatings. <\/p>\n\n\n\n<p>Deelnemers hebben toegang tot een breed scala aan middelen, waaronder technische expertise, financieringsmogelijkheden en ultramoderne faciliteiten om hun werk te ondersteunen. Of u nu een onderzoeker bent die een nieuw idee wil testen, een ontwikkelaar die een baanbrekende technologie wil commercialiseren of een industrieleider die nieuwe partnerschappen wil verkennen, SuSuCoats' Open Project Deel biedt een schat aan mogelijkheden voor samenwerking en innovatie.<\/p>\n<\/div>\n<\/div>\n<\/div><\/div>\n\n\n\n<div class=\"wp-block-columns alignwide is-layout-flex wp-container-core-columns-is-layout-28f84493 wp-block-columns-is-layout-flex\">\n<div class=\"wp-block-column is-layout-flow wp-block-column-is-layout-flow\">\n<p><strong>Richtlijnen en formulieren voor het aanvragen van open projecten<\/strong><\/p>\n\n\n\n<p>Meld je aan om te werken aan innovatieve, milieuvriendelijke coatingoplossingen met SuSuCoats' Open Project Part en geef vorm aan de toekomst van oppervlaktebescherming. Deelnemen aan SuSuCoats' Open Project Deel is eenvoudig. Vul gewoon het volgende aanvraagformulier in op onze website en stuur het samen met een kort voorstel waarin u uw projectidee en -doelstellingen beschrijft.<\/p>\n\n\n\n<div class=\"wp-block-file\"><a id=\"wp-block-file--media-f67cc18a-ece6-46ef-832c-68445283e2a5\" href=\"http:\/\/susucoats.eu\/wp-content\/uploads\/2025\/02\/Application-Subprojekt-SuSuCoats-UKv_CS.docx\">EN_Application Subprojekt-SuSuCoats<\/a><a href=\"http:\/\/susucoats.eu\/wp-content\/uploads\/2025\/02\/Application-Subprojekt-SuSuCoats-UKv_CS.docx\" class=\"wp-block-file__button wp-element-button\" download aria-describedby=\"wp-block-file--media-f67cc18a-ece6-46ef-832c-68445283e2a5\">Downloaden<\/a><\/div>\n\n\n\n<div class=\"wp-block-file\" style=\"padding-top:0;padding-bottom:0\"><a id=\"wp-block-file--media-78a9035f-0f90-4206-b5e4-88488fc7ef09\" href=\"http:\/\/susucoats.eu\/wp-content\/uploads\/2024\/09\/Antragsformular-Subprojekt-SuSuCoats.docx\">DE_Antragsformular Subprojekt SuSuCoats<\/a><a href=\"http:\/\/susucoats.eu\/wp-content\/uploads\/2024\/09\/Antragsformular-Subprojekt-SuSuCoats.docx\" class=\"wp-block-file__button wp-element-button\" download aria-describedby=\"wp-block-file--media-78a9035f-0f90-4206-b5e4-88488fc7ef09\">Downloaden<\/a><\/div>\n\n\n\n<div class=\"wp-block-file\"><a id=\"wp-block-file--media-c1e241fd-0299-49b5-9a02-fda195578be1\" href=\"http:\/\/susucoats.eu\/wp-content\/uploads\/2024\/09\/Aanvraagformulier-Subprojekt-SuSuCoats.docx\">NL_Aanvraagformulier Subprojekt SuSuCoats<\/a><a href=\"http:\/\/susucoats.eu\/wp-content\/uploads\/2024\/09\/Aanvraagformulier-Subprojekt-SuSuCoats.docx\" class=\"wp-block-file__button wp-element-button\" download aria-describedby=\"wp-block-file--media-c1e241fd-0299-49b5-9a02-fda195578be1\">Downloaden<\/a><\/div>\n\n\n\n<p>Sommige browsers hebben problemen met het downloaden van het aanvraagformulier. Probeer een andere browser te gebruiken of stuur ons een e-mail als u het formulier niet kunt downloaden.<\/p>\n\n\n\n<p> Ons team zal uw aanvraag bekijken en contact met u opnemen om de volgende stappen te bespreken. Of u nu een ervaren onderzoeker bent of een nieuwkomer op dit gebied, wij verwelkomen alle bijdragen en kijken ernaar uit om met u samen te werken aan een duurzamere toekomst voor de coatingindustrie.<\/p>\n\n\n\n<figure class=\"wp-block-gallery aligncenter has-nested-images columns-default is-cropped wp-block-gallery-1 is-layout-flex wp-block-gallery-is-layout-flex\">\n<figure class=\"wp-block-image size-large\"><img loading=\"lazy\" decoding=\"async\" width=\"1024\" height=\"681\" data-id=\"122\" src=\"http:\/\/susucoats.eu\/wp-content\/uploads\/2024\/03\/HSN_Labor_HIT_067_klein-1024x681.jpg\" alt=\"\" class=\"wp-image-122\" srcset=\"https:\/\/susucoats.eu\/wp-content\/uploads\/2024\/03\/HSN_Labor_HIT_067_klein-1024x681.jpg 1024w, https:\/\/susucoats.eu\/wp-content\/uploads\/2024\/03\/HSN_Labor_HIT_067_klein-300x200.jpg 300w, https:\/\/susucoats.eu\/wp-content\/uploads\/2024\/03\/HSN_Labor_HIT_067_klein-768x511.jpg 768w, https:\/\/susucoats.eu\/wp-content\/uploads\/2024\/03\/HSN_Labor_HIT_067_klein.jpg 1500w\" sizes=\"auto, (max-width: 1024px) 100vw, 1024px\" \/><figcaption class=\"wp-element-caption\">Labor HIT Hochschule Niederrhein Farbanalyse<\/figcaption><\/figure>\n\n\n\n<figure class=\"wp-block-image size-large\"><img loading=\"lazy\" decoding=\"async\" width=\"1024\" height=\"681\" data-id=\"120\" src=\"http:\/\/susucoats.eu\/wp-content\/uploads\/2024\/03\/HSN_Labor_HIT_086_klein-1024x681.jpg\" alt=\"\" class=\"wp-image-120\" srcset=\"https:\/\/susucoats.eu\/wp-content\/uploads\/2024\/03\/HSN_Labor_HIT_086_klein-1024x681.jpg 1024w, https:\/\/susucoats.eu\/wp-content\/uploads\/2024\/03\/HSN_Labor_HIT_086_klein-300x200.jpg 300w, https:\/\/susucoats.eu\/wp-content\/uploads\/2024\/03\/HSN_Labor_HIT_086_klein-768x511.jpg 768w, https:\/\/susucoats.eu\/wp-content\/uploads\/2024\/03\/HSN_Labor_HIT_086_klein.jpg 1500w\" sizes=\"auto, (max-width: 1024px) 100vw, 1024px\" \/><figcaption class=\"wp-element-caption\">Labor HIT Hochschule Niederrhein Farbanalyse<\/figcaption><\/figure>\n<\/figure>\n<\/div>\n<\/div>\n\n\n\n<div class=\"wp-block-columns alignwide is-layout-flex wp-container-core-columns-is-layout-28f84493 wp-block-columns-is-layout-flex\">\n<div class=\"wp-block-column is-layout-flow wp-block-column-is-layout-flow\">\n<p><strong>Voordelen van deelname aan het open projectgedeelte.<\/strong><\/p>\n\n\n\n<p>Door deel te nemen aan het Open Project Deel van SuSuCoats krijgt u toegang tot een gezamenlijk netwerk van experts en middelen om duurzame innovatie in oppervlaktecoatings te stimuleren. Van het gebruik van digitale modellen tot het implementeren van koolstofneutrale praktijken, draag bij aan regionale groei en verantwoordelijkheid voor het milieu door middel van duurzame coatings.<\/p>\n\n\n\n<figure class=\"wp-block-image size-large\"><img loading=\"lazy\" decoding=\"async\" width=\"1024\" height=\"576\" src=\"http:\/\/susucoats.eu\/wp-content\/uploads\/2025\/02\/SuSuCoats-project-steps-1024x576.png\" alt=\"\" class=\"wp-image-374\" srcset=\"https:\/\/susucoats.eu\/wp-content\/uploads\/2025\/02\/SuSuCoats-project-steps-1024x576.png 1024w, https:\/\/susucoats.eu\/wp-content\/uploads\/2025\/02\/SuSuCoats-project-steps-300x169.png 300w, https:\/\/susucoats.eu\/wp-content\/uploads\/2025\/02\/SuSuCoats-project-steps-768x432.png 768w, https:\/\/susucoats.eu\/wp-content\/uploads\/2025\/02\/SuSuCoats-project-steps-1536x864.png 1536w, https:\/\/susucoats.eu\/wp-content\/uploads\/2025\/02\/SuSuCoats-project-steps-2048x1152.png 2048w, https:\/\/susucoats.eu\/wp-content\/uploads\/2025\/02\/SuSuCoats-project-steps-18x10.png 18w\" sizes=\"auto, (max-width: 1024px) 100vw, 1024px\" \/><\/figure>\n\n\n\n<p>Hier is een visuele weergave in het Engels van de projectstappen. Als u dit in uw eigen taal wilt lezen, raadpleeg dan de volgende documenten:<\/p>\n\n\n\n<div class=\"wp-block-file\"><a id=\"wp-block-file--media-be3a236c-10c2-437c-b541-869812d3fcca\" href=\"https:\/\/susucoats.eu\/nl\/projektschritte_de-2\/\" target=\"_blank\" rel=\"noreferrer noopener\">Projektschritte_DE<\/a><a href=\"http:\/\/susucoats.eu\/wp-content\/uploads\/2025\/03\/Projektschritte_DE.pdf\" class=\"wp-block-file__button wp-element-button\" download aria-describedby=\"wp-block-file--media-be3a236c-10c2-437c-b541-869812d3fcca\">Downloaden<\/a><\/div>\n\n\n\n<div class=\"wp-block-file\"><a id=\"wp-block-file--media-53e34549-db85-4b3e-886b-d7974a2b5319\" href=\"https:\/\/susucoats.eu\/nl\/projectstappen_nl-2\/\" target=\"_blank\" rel=\"noreferrer noopener\">Projectstappen_NL<\/a><a href=\"http:\/\/susucoats.eu\/wp-content\/uploads\/2025\/03\/Projectstappen_NL.pdf\" class=\"wp-block-file__button wp-element-button\" download aria-describedby=\"wp-block-file--media-53e34549-db85-4b3e-886b-d7974a2b5319\">Downloaden<\/a><\/div>\n<\/div>\n<\/div>","protected":false},"excerpt":{"rendered":"<p>Nehmen Sie an SuSuCoats&#8216; Open Project Part teil und gestalten Sie die Zukunft nachhaltiger Beschichtungen durch Zusammenarbeit und Wissensaustausch. Das Open Project Part von SuSuCoats bietet Forschern, Entwicklern und Branchenf\u00fchrern eine einzigartige Gelegenheit, zusammenzukommen und gemeinsam an innovativen L\u00f6sungen f\u00fcr die dringendsten Herausforderungen der Beschichtungsindustrie zu arbeiten. Indem wir unsere Kr\u00e4fte b\u00fcndeln und unser Wissen [&hellip;]<\/p>","protected":false},"author":2,"featured_media":0,"parent":0,"menu_order":0,"comment_status":"closed","ping_status":"closed","template":"","meta":{"footnotes":""},"class_list":["post-38","page","type-page","status-publish","hentry"],"_links":{"self":[{"href":"https:\/\/susucoats.eu\/nl\/wp-json\/wp\/v2\/pages\/38","targetHints":{"allow":["GET"]}}],"collection":[{"href":"https:\/\/susucoats.eu\/nl\/wp-json\/wp\/v2\/pages"}],"about":[{"href":"https:\/\/susucoats.eu\/nl\/wp-json\/wp\/v2\/types\/page"}],"author":[{"embeddable":true,"href":"https:\/\/susucoats.eu\/nl\/wp-json\/wp\/v2\/users\/2"}],"replies":[{"embeddable":true,"href":"https:\/\/susucoats.eu\/nl\/wp-json\/wp\/v2\/comments?post=38"}],"version-history":[{"count":34,"href":"https:\/\/susucoats.eu\/nl\/wp-json\/wp\/v2\/pages\/38\/revisions"}],"predecessor-version":[{"id":425,"href":"https:\/\/susucoats.eu\/nl\/wp-json\/wp\/v2\/pages\/38\/revisions\/425"}],"wp:attachment":[{"href":"https:\/\/susucoats.eu\/nl\/wp-json\/wp\/v2\/media?parent=38"}],"curies":[{"name":"wp","href":"https:\/\/api.w.org\/{rel}","templated":true}]}}