{"id":32,"date":"2024-03-17T02:09:08","date_gmt":"2024-03-17T01:09:08","guid":{"rendered":"http:\/\/susucoats.eu\/?page_id=32"},"modified":"2025-01-25T19:53:00","modified_gmt":"2025-01-25T18:53:00","slug":"partners","status":"publish","type":"page","link":"https:\/\/susucoats.eu\/nl\/partners\/","title":{"rendered":"Partners"},"content":{"rendered":"<div class=\"wp-block-columns alignwide has-base-background-color has-background is-layout-flex wp-container-core-columns-is-layout-28f84493 wp-block-columns-is-layout-flex\">\n<div class=\"wp-block-column is-layout-flow wp-block-column-is-layout-flow\">\n<p>Ontdek onze samenwerkingsverbanden die duurzame innovaties in oppervlaktecoatings stimuleren.<\/p>\n<\/div>\n<\/div>\n\n\n\n<div class=\"wp-block-columns alignwide has-base-background-color has-background is-layout-flex wp-container-core-columns-is-layout-28f84493 wp-block-columns-is-layout-flex\">\n<div class=\"wp-block-column is-layout-flow wp-container-core-column-is-layout-92c44e9e wp-block-column-is-layout-flow\" style=\"border-style:none;border-width:0px;padding-top:0;padding-bottom:0\">\n<figure class=\"wp-block-image size-large\"><img loading=\"lazy\" decoding=\"async\" width=\"1024\" height=\"479\" src=\"http:\/\/susucoats.eu\/wp-content\/uploads\/2024\/03\/cropped-Screenshot-2024-03-16-at-19.05.59-1024x479.png\" alt=\"\" class=\"wp-image-23\" srcset=\"https:\/\/susucoats.eu\/wp-content\/uploads\/2024\/03\/cropped-Screenshot-2024-03-16-at-19.05.59-1024x479.png 1024w, https:\/\/susucoats.eu\/wp-content\/uploads\/2024\/03\/cropped-Screenshot-2024-03-16-at-19.05.59-300x140.png 300w, https:\/\/susucoats.eu\/wp-content\/uploads\/2024\/03\/cropped-Screenshot-2024-03-16-at-19.05.59-768x359.png 768w, https:\/\/susucoats.eu\/wp-content\/uploads\/2024\/03\/cropped-Screenshot-2024-03-16-at-19.05.59-1536x718.png 1536w, https:\/\/susucoats.eu\/wp-content\/uploads\/2024\/03\/cropped-Screenshot-2024-03-16-at-19.05.59-2048x958.png 2048w, https:\/\/susucoats.eu\/wp-content\/uploads\/2024\/03\/cropped-Screenshot-2024-03-16-at-19.05.59-1568x733.png 1568w\" sizes=\"auto, (max-width: 1024px) 100vw, 1024px\" \/><\/figure>\n<\/div>\n<\/div>\n\n\n\n<div class=\"wp-block-media-text alignwide is-stacked-on-mobile\" style=\"grid-template-columns:15% auto\"><figure class=\"wp-block-media-text__media\"><a href=\"https:\/\/www.hs-niederrhein.de\/startseite\/\"><img loading=\"lazy\" decoding=\"async\" width=\"600\" height=\"164\" src=\"http:\/\/susucoats.eu\/wp-content\/uploads\/2024\/03\/image-1.png\" alt=\"\" class=\"wp-image-77 size-full\" srcset=\"https:\/\/susucoats.eu\/wp-content\/uploads\/2024\/03\/image-1.png 600w, https:\/\/susucoats.eu\/wp-content\/uploads\/2024\/03\/image-1-300x82.png 300w\" sizes=\"auto, (max-width: 600px) 100vw, 600px\" \/><\/a><\/figure><div class=\"wp-block-media-text__content\">\n<p>De Niederrhein University of Applied Sciences is een van de grootste en meest onderzoeksintensieve hogescholen in Duitsland. Met name op het gebied van oppervlaktekunde biedt de universiteit diepgaande expertise en fundamentele kennis via het ILOC-onderzoeksinstituut en moderne methoden van automatisering en machinaal leren voor de duurzame ontwikkeling van coatings via het HIT-instituut. Samen vormen de twee instituten een unieke hub ter ondersteuning van R&amp;D-werk voor academische en industri\u00eble partners.<\/p>\n<\/div><\/div>\n\n\n\n<div class=\"wp-block-media-text alignwide is-stacked-on-mobile\" style=\"grid-template-columns:15% auto\"><figure class=\"wp-block-media-text__media\"><a href=\"https:\/\/www.barilcoatings.com\/\"><img loading=\"lazy\" decoding=\"async\" width=\"978\" height=\"336\" src=\"http:\/\/susucoats.eu\/wp-content\/uploads\/2024\/03\/image-2.png\" alt=\"\" class=\"wp-image-78 size-full\" srcset=\"https:\/\/susucoats.eu\/wp-content\/uploads\/2024\/03\/image-2.png 978w, https:\/\/susucoats.eu\/wp-content\/uploads\/2024\/03\/image-2-300x103.png 300w, https:\/\/susucoats.eu\/wp-content\/uploads\/2024\/03\/image-2-768x264.png 768w\" sizes=\"auto, (max-width: 978px) 100vw, 978px\" \/><\/a><\/figure><div class=\"wp-block-media-text__content\">\n<p>Baril Coatings is ontwikkelaar en producent van hoogwaardige, zeer bestendige industri\u00eble en bouwverven. We leveren deze aan de staal- en utiliteitsbouw, OEM- en metaalindustrie, scheepvaart en offshore en aan schildersbedrijven.<\/p>\n\n\n\n<p>Baril Coatings is een wereldwijde speler met productielocaties in Nederland, de Verenigde Staten en Polen.<\/p>\n<\/div><\/div>\n\n\n\n<div class=\"wp-block-media-text alignwide is-stacked-on-mobile\" style=\"grid-template-columns:15% auto\"><figure class=\"wp-block-media-text__media\"><a href=\"https:\/\/blue-expert.com\/\"><img loading=\"lazy\" decoding=\"async\" width=\"1024\" height=\"376\" src=\"http:\/\/susucoats.eu\/wp-content\/uploads\/2024\/10\/Logo_with_text-1024x376.png\" alt=\"\" class=\"wp-image-287 size-full\" srcset=\"https:\/\/susucoats.eu\/wp-content\/uploads\/2024\/10\/Logo_with_text-1024x376.png 1024w, https:\/\/susucoats.eu\/wp-content\/uploads\/2024\/10\/Logo_with_text-300x110.png 300w, https:\/\/susucoats.eu\/wp-content\/uploads\/2024\/10\/Logo_with_text-768x282.png 768w, https:\/\/susucoats.eu\/wp-content\/uploads\/2024\/10\/Logo_with_text-18x7.png 18w, https:\/\/susucoats.eu\/wp-content\/uploads\/2024\/10\/Logo_with_text.png 1434w\" sizes=\"auto, (max-width: 1024px) 100vw, 1024px\" \/><\/a><\/figure><div class=\"wp-block-media-text__content\">\n<p>BlueXPRT is een innovatieadviesbureau dat onder andere financieringsaanvragen voorbereidt en projectmanagement en koppelingsdiensten aanbiedt. Wij brengen mensen, kennis en middelen samen om innovatieprojecten te ontwikkelen en uit te voeren die bijdragen aan duurzame ontwikkeling.<\/p>\n<\/div><\/div>\n\n\n\n<div class=\"wp-block-media-text alignwide is-stacked-on-mobile is-vertically-aligned-center\" style=\"grid-template-columns:15% auto\"><figure class=\"wp-block-media-text__media\"><a href=\"https:\/\/www.cliqswiss.com\/Company_Profile.html\"><img loading=\"lazy\" decoding=\"async\" width=\"288\" height=\"122\" src=\"http:\/\/susucoats.eu\/wp-content\/uploads\/2024\/03\/image-4.png\" alt=\"\" class=\"wp-image-81 size-full\"\/><\/a><\/figure><div class=\"wp-block-media-text__content\">\n<p>CLiQ SwissTech is een fabrikant van hoogwaardige additieven en preparaten voor coatings en aanverwante industrie\u00ebn. De handelsmerken zijn CLiQSPERSE\u00ae dispergeer- en bevochtigingsmiddelen, CLiQTRANS\u00ae transparante pigmentconcentraten, CLiQSMART\u00ae speciale additieven en CLiQFLOW\u00ae reologische additieven.<\/p>\n\n\n\n<p>Ze bieden hoogwaardige additieve oplossingen, geavanceerde productontwikkeling, een hoog niveau van dagelijkse technische service en productoplossingen op maat.<\/p>\n<\/div><\/div>\n\n\n\n<div class=\"wp-block-media-text alignwide is-stacked-on-mobile\" style=\"grid-template-columns:15% auto\"><figure class=\"wp-block-media-text__media\"><a href=\"https:\/\/vlci.biz\/\"><img loading=\"lazy\" decoding=\"async\" width=\"655\" height=\"628\" src=\"http:\/\/susucoats.eu\/wp-content\/uploads\/2024\/03\/image-5.png\" alt=\"\" class=\"wp-image-83 size-full\" srcset=\"https:\/\/susucoats.eu\/wp-content\/uploads\/2024\/03\/image-5.png 655w, https:\/\/susucoats.eu\/wp-content\/uploads\/2024\/03\/image-5-300x288.png 300w\" sizes=\"auto, (max-width: 655px) 100vw, 655px\" \/><\/a><\/figure><div class=\"wp-block-media-text__content\">\n<p>Van Loon Chemical Innovations levert waardevolle en innovatieve R&amp;D-diensten aan de formuleringsindustrie. Ze ondersteunen ontwikkelingsprocessen en verbeteren de eigenschappen van polymeren, coatings, persoonlijke en schoonheidsverzorging, huishoudelijke en farmaceutische producten.<\/p>\n\n\n\n<p>De klanten van VLCI vari\u00ebren van kleine bedrijven tot grote multinationals over de hele wereld. VLCI, opgericht in 2008, is het eerste formuleringscentrum dat geavanceerde formuleringswetenschap combineert met high-throughput screening.<\/p>\n<\/div><\/div>\n\n\n\n<div class=\"wp-block-media-text alignwide is-stacked-on-mobile\" style=\"grid-template-columns:15% auto\"><figure class=\"wp-block-media-text__media\"><img loading=\"lazy\" decoding=\"async\" width=\"1024\" height=\"660\" src=\"http:\/\/susucoats.eu\/wp-content\/uploads\/2024\/04\/TMC_Logo_2023-1024x660.jpg\" alt=\"\" class=\"wp-image-144 size-full\" srcset=\"https:\/\/susucoats.eu\/wp-content\/uploads\/2024\/04\/TMC_Logo_2023-1024x660.jpg 1024w, https:\/\/susucoats.eu\/wp-content\/uploads\/2024\/04\/TMC_Logo_2023-300x193.jpg 300w, https:\/\/susucoats.eu\/wp-content\/uploads\/2024\/04\/TMC_Logo_2023-768x495.jpg 768w, https:\/\/susucoats.eu\/wp-content\/uploads\/2024\/04\/TMC_Logo_2023-1536x990.jpg 1536w, https:\/\/susucoats.eu\/wp-content\/uploads\/2024\/04\/TMC_Logo_2023-18x12.jpg 18w, https:\/\/susucoats.eu\/wp-content\/uploads\/2024\/04\/TMC_Logo_2023.jpg 1650w\" sizes=\"auto, (max-width: 1024px) 100vw, 1024px\" \/><\/figure><div class=\"wp-block-media-text__content\">\n<p>TMC GmbH is een innovatief bedrijf en biedt uitgebreide diensten, waaronder toepassingstechnologie, advies en training. Het bedrijf is gespecialiseerd in grondstofconcepten met een bijzondere focus op zeer effectieve meng- en dispergeerprocessen.<\/p>\n\n\n\n<p>Met een toegewijd team van experts en een eigen laboratorium en technisch centrum, richten de onderzoeks- en ontwikkelingsactiviteiten van het bedrijf zich op het ondersteunen van middelgrote bedrijven. Bij TMC GmbH staan onderzoek en toepassing centraal.<\/p>\n<\/div><\/div>\n\n\n\n<div class=\"wp-block-media-text alignwide is-stacked-on-mobile\" style=\"grid-template-columns:15% auto\"><figure class=\"wp-block-media-text__media\"><img loading=\"lazy\" decoding=\"async\" width=\"220\" height=\"220\" src=\"http:\/\/susucoats.eu\/wp-content\/uploads\/2024\/04\/Picture-logo.-png-1.png\" alt=\"\" class=\"wp-image-158 size-full\" srcset=\"https:\/\/susucoats.eu\/wp-content\/uploads\/2024\/04\/Picture-logo.-png-1.png 220w, https:\/\/susucoats.eu\/wp-content\/uploads\/2024\/04\/Picture-logo.-png-1-150x150.png 150w, https:\/\/susucoats.eu\/wp-content\/uploads\/2024\/04\/Picture-logo.-png-1-12x12.png 12w\" sizes=\"auto, (max-width: 220px) 100vw, 220px\" \/><\/figure><div class=\"wp-block-media-text__content\">\n<p>Bij Covestro revolutioneren we de coatingindustrie met onze geavanceerde duurzame oplossingen en digitale tools. Onze uitgebreide toolbox bevat milieuvriendelijke watergedragen en poederbindmiddeltechnologie\u00ebn, samen met innovatieve biogebaseerde en biologisch afbreekbare polymeren, allemaal ontworpen om de milieu-impact te verminderen zonder concessies te doen aan prestaties. Als voorloper op het gebied van digitale innovatie biedt Covestro geavanceerde automatiseringsoplossingen om uw processen te stroomlijnen en de effici\u00ebntie te verhogen. Digitale tools zoals de PrediMatch-webapp, met Hansen Solubility Parameter (HSP)-gegevens van onze bindmiddelen, stellen u in staat om formuleringen te optimaliseren en ontwikkelingstijd en -kosten aanzienlijk te verminderen. Met Covestro kiest u niet alleen een leverancier; u omarmt een samenwerkingsgerichte benadering van innovatie die voldoet aan en de industriestandaarden overtreft, terwijl milieuzorg voorop staat.<\/p>\n<\/div><\/div>\n\n\n\n<div class=\"wp-block-media-text alignwide is-stacked-on-mobile\" style=\"grid-template-columns:15% auto\"><figure class=\"wp-block-media-text__media\"><img loading=\"lazy\" decoding=\"async\" width=\"592\" height=\"188\" src=\"http:\/\/susucoats.eu\/wp-content\/uploads\/2024\/04\/nrwo-logo.jpeg\" alt=\"\" class=\"wp-image-155 size-full\" srcset=\"https:\/\/susucoats.eu\/wp-content\/uploads\/2024\/04\/nrwo-logo.jpeg 592w, https:\/\/susucoats.eu\/wp-content\/uploads\/2024\/04\/nrwo-logo-300x95.jpeg 300w, https:\/\/susucoats.eu\/wp-content\/uploads\/2024\/04\/nrwo-logo-18x6.jpeg 18w\" sizes=\"auto, (max-width: 592px) 100vw, 592px\" \/><\/figure><div class=\"wp-block-media-text__content\">\n<p>Das Netzwerk Oberfl\u00e4che NRW initiiert en bevordert innovatieprocessen in de oppervlaktetechnologie. De netwerkleden, bedrijven, economische ontwikkelingsorganisaties en hogescholen, komen uit alle niveaus van de belangrijke waardeketen. Samen werken we aan onderzoeks- en ontwikkelingsthema's om innovatieve oppervlakken sneller en effici\u00ebnter te maken.<\/p>\n<\/div><\/div>","protected":false},"excerpt":{"rendered":"<p>Entdecken Sie unsere Kooperationspartnerschaften, die nachhaltige Innovationen bei Oberfl\u00e4chenbeschichtungen vorantreiben. Die Hochschule Niederrhein ist eine der gr\u00f6\u00dften und forschungsst\u00e4rksten Hochschulen f\u00fcr angewandte Wissenschaften in Deutschland. Speziell auf dem Gebiet der Oberfl\u00e4chenwissenschaften bietet die Hochschule mit dem Forschungsinstitut ILOC fundiertes Fach- und Grundlagenwissen und mit dem Institut HIT moderne Methoden der Automatisierung und dem Maschinellen Lernen [&hellip;]<\/p>","protected":false},"author":2,"featured_media":0,"parent":0,"menu_order":0,"comment_status":"closed","ping_status":"closed","template":"","meta":{"footnotes":""},"class_list":["post-32","page","type-page","status-publish","hentry"],"_links":{"self":[{"href":"https:\/\/susucoats.eu\/nl\/wp-json\/wp\/v2\/pages\/32","targetHints":{"allow":["GET"]}}],"collection":[{"href":"https:\/\/susucoats.eu\/nl\/wp-json\/wp\/v2\/pages"}],"about":[{"href":"https:\/\/susucoats.eu\/nl\/wp-json\/wp\/v2\/types\/page"}],"author":[{"embeddable":true,"href":"https:\/\/susucoats.eu\/nl\/wp-json\/wp\/v2\/users\/2"}],"replies":[{"embeddable":true,"href":"https:\/\/susucoats.eu\/nl\/wp-json\/wp\/v2\/comments?post=32"}],"version-history":[{"count":17,"href":"https:\/\/susucoats.eu\/nl\/wp-json\/wp\/v2\/pages\/32\/revisions"}],"predecessor-version":[{"id":364,"href":"https:\/\/susucoats.eu\/nl\/wp-json\/wp\/v2\/pages\/32\/revisions\/364"}],"wp:attachment":[{"href":"https:\/\/susucoats.eu\/nl\/wp-json\/wp\/v2\/media?parent=32"}],"curies":[{"name":"wp","href":"https:\/\/api.w.org\/{rel}","templated":true}]}}