{"id":289,"date":"2024-10-29T16:31:13","date_gmt":"2024-10-29T15:31:13","guid":{"rendered":"https:\/\/susucoats.eu\/?page_id=289"},"modified":"2025-05-09T16:04:03","modified_gmt":"2025-05-09T14:04:03","slug":"unterstuetzen","status":"publish","type":"page","link":"https:\/\/susucoats.eu\/nl\/unterstuetzen\/","title":{"rendered":"Ondersteuning"},"content":{"rendered":"<div class=\"wp-block-columns alignwide is-layout-flex wp-container-core-columns-is-layout-28f84493 wp-block-columns-is-layout-flex\">\n<div class=\"wp-block-column is-layout-flow wp-block-column-is-layout-flow\">\n<h2 class=\"wp-block-heading\">Heeft u vragen?<\/h2>\n\n\n\n<p>Hier vindt u antwoorden op de meest gestelde vragen over het SuSuCoats-project. Ons doel is om de coating-industrie duurzamer te maken en innovaties te stimuleren op het gebied van corrosiebescherming, digitale tools en duurzaamheid (ESG). Kunt u het antwoord dat u zoekt niet vinden, neem dan gerust direct contact met ons op!<\/p>\n<\/div>\n\n\n\n<div class=\"wp-block-column is-layout-flow wp-block-column-is-layout-flow\">\n<figure class=\"wp-block-image aligncenter size-large is-resized\"><img loading=\"lazy\" decoding=\"async\" width=\"1280\" height=\"1280\" src=\"https:\/\/susucoats.eu\/wp-content\/uploads\/2024\/10\/1726824925692-edited.jpg\" alt=\"\" class=\"wp-image-296\" style=\"width:309px;height:auto\" srcset=\"https:\/\/susucoats.eu\/wp-content\/uploads\/2024\/10\/1726824925692-edited.jpg 1280w, https:\/\/susucoats.eu\/wp-content\/uploads\/2024\/10\/1726824925692-edited-300x300.jpg 300w, https:\/\/susucoats.eu\/wp-content\/uploads\/2024\/10\/1726824925692-edited-1024x1024.jpg 1024w, https:\/\/susucoats.eu\/wp-content\/uploads\/2024\/10\/1726824925692-edited-150x150.jpg 150w, https:\/\/susucoats.eu\/wp-content\/uploads\/2024\/10\/1726824925692-edited-768x768.jpg 768w, https:\/\/susucoats.eu\/wp-content\/uploads\/2024\/10\/1726824925692-edited-12x12.jpg 12w\" sizes=\"auto, (max-width: 1280px) 100vw, 1280px\" \/><\/figure>\n<\/div>\n<\/div>\n\n\n\n<div class=\"wp-block-columns alignwide is-layout-flex wp-container-core-columns-is-layout-28f84493 wp-block-columns-is-layout-flex\">\n<div class=\"wp-block-column is-layout-flow wp-block-column-is-layout-flow\">\n<h2 class=\"wp-block-heading\">FAQ<\/h2>\n\n\n\n<div class=\"wp-block-group has-global-padding is-layout-constrained wp-block-group-is-layout-constrained\">\n<hr class=\"wp-block-separator has-alpha-channel-opacity\"\/>\n\n\n\n<p><strong>Algemene informatie<\/strong><\/p>\n\n\n\n<div class=\"wp-block-group has-global-padding is-layout-constrained wp-block-group-is-layout-constrained\">\n<details class=\"wp-block-details is-layout-flow wp-block-details-is-layout-flow\"><summary>Zijn er lidmaatschapskosten of kosten verbonden aan deelname aan SuSuCoats?<\/summary>\n<p>Nee, er zijn geen lidmaatschapskosten of aanvullende kosten.<\/p>\n<\/details>\n\n\n\n<details class=\"wp-block-details is-layout-flow wp-block-details-is-layout-flow\"><summary>Welke talen worden ondersteund door SuSuCoats?<\/summary>\n<p>De offici\u00eble talen zijn Duits en Nederlands, maar Engels kan worden gebruikt als werktaal.<\/p>\n<\/details>\n\n\n\n<details class=\"wp-block-details is-layout-flow wp-block-details-is-layout-flow\"><summary>Wat zijn de langetermijndoelen en toekomstplannen van SuSuCoats?<\/summary>\n<p>Het hoofddoel is om de coating-industrie duurzaam te maken. SuSuCoats legt daarbij bijzondere nadruk op economische haalbaarheid en digitale integratie in de projecten.<\/p>\n<\/details>\n\n\n\n<hr class=\"wp-block-separator has-alpha-channel-opacity\"\/>\n\n\n\n<p><strong>Projecten en aanvragen<\/strong><\/p>\n\n\n\n<details class=\"wp-block-details is-layout-flow wp-block-details-is-layout-flow\"><summary>Zijn er specifieke thema's waar SuSuCoats zich op richt?<\/summary>\n<p>Het project is niet beperkt tot specifieke thema's, maar richt zich op: corrosie, digitale tools en duurzaamheid (ESG).<\/p>\n<\/details>\n\n\n\n<details class=\"wp-block-details is-layout-flow wp-block-details-is-layout-flow\"><summary>Kan ik meerdere projectvoorstellen tegelijk indienen?<\/summary>\n<p>Ja, zolang ze zich richten op verschillende aspecten.<\/p>\n<\/details>\n\n\n\n<details class=\"wp-block-details is-layout-flow wp-block-details-is-layout-flow\"><summary>Moet er een hoofdpartner zijn?<\/summary>\n<p>Het is niet verplicht, maar het maakt het proces wel veel effici\u00ebnter.<\/p>\n<\/details>\n\n\n\n<hr class=\"wp-block-separator has-alpha-channel-opacity\"\/>\n\n\n\n<p><strong>Financiering en budgettering<\/strong><\/p>\n\n\n\n<details class=\"wp-block-details is-layout-flow wp-block-details-is-layout-flow\"><summary>Hoe werkt de financiering en welke documenten zijn er nodig?<\/summary>\n<p>Die Finanzierung folgt einem strukturierten Ablauf: Idee -&gt; F\u00f6rderung -&gt; Ergebnis. Sie wird vom Projektkoordinator verteilt. Die Standardf\u00f6rderung betr\u00e4gt 100.000 Euro f\u00fcr alle Partner. In bestimmten F\u00e4llen kann sie auf 50.000 Euro reduziert oder auf 150.000 Euro erh\u00f6ht werden. Fortschritts- und Abschlussberichte sind erforderlich, um die gew\u00e4hrten Mittel zu rechtfertigen.<\/p>\n<\/details>\n\n\n\n<details class=\"wp-block-details is-layout-flow wp-block-details-is-layout-flow\"><summary>Hoe worden de fondsen verdeeld tussen partners en landen?<\/summary>\n<p>Idealiter is de verdeling 50\/50, maar dit kan vari\u00ebren afhankelijk van de afspraken tussen de partners.<\/p>\n<\/details>\n\n\n\n<details class=\"wp-block-details is-layout-flow wp-block-details-is-layout-flow\"><summary>Wat gebeurt er met ongebruikte middelen?<\/summary>\n<p>Ongebruikte middelen kunnen worden toegewezen aan andere projectgerelateerde activiteiten of partners.<\/p>\n<\/details>\n\n\n\n<hr class=\"wp-block-separator has-alpha-channel-opacity\"\/>\n\n\n\n<p><strong>Advies en ondersteuning<\/strong><\/p>\n\n\n\n<details class=\"wp-block-details is-layout-flow wp-block-details-is-layout-flow\"><summary>Hoe kan ik advies aanvragen bij SuSuCoats?<\/summary>\n<p>We bieden geen formeel advies aan, maar we ondersteunen u wel tijdens het aanvraagproces en kunnen u bijstaan tijdens de uitvoeringsfase. U kunt contact opnemen met BlueXPRT (Nederlandse partners) of NRWO! (Duitse partners).<\/p>\n<\/details>\n\n\n\n<details class=\"wp-block-details is-layout-flow wp-block-details-is-layout-flow\"><summary>Hoe kan ik feedback geven of een probleem melden?<\/summary>\n<p>We waarderen alle feedback zeer. Gebruik alstublieft de contactmogelijkheden in het Contact-tabblad.<\/p>\n<\/details>\n\n\n\n<details class=\"wp-block-details is-layout-flow wp-block-details-is-layout-flow\"><summary>Hoe wordt intellectueel eigendom geregeld en beschermd?<\/summary>\n<p>Intellectueel eigendom (IP) kan worden gedeeld op basis van overeenkomsten tussen partners. Er kunnen geheimhoudingsovereenkomsten (NDA's) worden ondertekend om de IP-bescherming tijdens het project te waarborgen.<\/p>\n<\/details>\n<\/div>\n<\/div>\n<\/div>\n<\/div>\n\n\n\n<div class=\"wp-block-columns alignwide is-layout-flex wp-container-core-columns-is-layout-28f84493 wp-block-columns-is-layout-flex\">\n<div class=\"wp-block-column is-layout-flow wp-block-column-is-layout-flow\">\n<h2 class=\"wp-block-heading\">Nog vragen?<\/h2>\n\n\n\n<p>Volg ons op LinkedIn voor de laatste updates en projectontwikkelingen. Hier kunt u ook direct in contact komen met ons team en de SuSuCoats-community. Voor specifieke vragen kunt u gebruik maken van onze contactpagina of stuur ons een bericht via LinkedIn.<\/p>\n\n\n\n<p>F\u00fcr weitere Fragen wenden Sie sich bitte an Otto Nederlof von BlueXPRT:<\/p>\n\n\n\n<p>&#8211; E-mail: <strong>Otto.Nederlof@blue-expert.com <\/strong><br>&#8211; Mobile: <strong>+31 6 4673 55 88<\/strong><\/p>\n<\/div>\n<\/div>","protected":false},"excerpt":{"rendered":"<p>Haben Sie Fragen? Hier finden Sie Antworten auf die am h\u00e4ufigsten gestellten Fragen zum SuSuCoats-Projekt. Unser Ziel ist es, die Beschichtungsindustrie nachhaltiger zu gestalten und Innovationen in den Bereichen Korrosionsschutz, digitale Werkzeuge und Nachhaltigkeit (ESG) voranzutreiben. Falls Sie die gesuchte Antwort nicht finden, kontaktieren Sie uns gerne direkt! FAQ Allgemeine Informationen Projekte und Antr\u00e4ge Finanzierung [&hellip;]<\/p>","protected":false},"author":2,"featured_media":0,"parent":0,"menu_order":0,"comment_status":"closed","ping_status":"closed","template":"","meta":{"footnotes":""},"class_list":["post-289","page","type-page","status-publish","hentry"],"_links":{"self":[{"href":"https:\/\/susucoats.eu\/nl\/wp-json\/wp\/v2\/pages\/289","targetHints":{"allow":["GET"]}}],"collection":[{"href":"https:\/\/susucoats.eu\/nl\/wp-json\/wp\/v2\/pages"}],"about":[{"href":"https:\/\/susucoats.eu\/nl\/wp-json\/wp\/v2\/types\/page"}],"author":[{"embeddable":true,"href":"https:\/\/susucoats.eu\/nl\/wp-json\/wp\/v2\/users\/2"}],"replies":[{"embeddable":true,"href":"https:\/\/susucoats.eu\/nl\/wp-json\/wp\/v2\/comments?post=289"}],"version-history":[{"count":15,"href":"https:\/\/susucoats.eu\/nl\/wp-json\/wp\/v2\/pages\/289\/revisions"}],"predecessor-version":[{"id":426,"href":"https:\/\/susucoats.eu\/nl\/wp-json\/wp\/v2\/pages\/289\/revisions\/426"}],"wp:attachment":[{"href":"https:\/\/susucoats.eu\/nl\/wp-json\/wp\/v2\/media?parent=289"}],"curies":[{"name":"wp","href":"https:\/\/api.w.org\/{rel}","templated":true}]}}