{"id":13,"date":"2024-03-14T23:02:01","date_gmt":"2024-03-14T22:02:01","guid":{"rendered":"http:\/\/susucoats.eu\/?page_id=13"},"modified":"2025-10-03T22:19:47","modified_gmt":"2025-10-03T20:19:47","slug":"homepage","status":"publish","type":"page","link":"https:\/\/susucoats.eu\/nl\/","title":{"rendered":"SuSuCoats"},"content":{"rendered":"<div class=\"wp-block-columns alignwide is-style-default has-white-background-color has-background is-layout-flex wp-container-core-columns-is-layout-28f84493 wp-block-columns-is-layout-flex\">\n<div class=\"wp-block-column is-layout-flow wp-block-column-is-layout-flow\">\n<figure class=\"wp-block-image size-large\"><img loading=\"lazy\" decoding=\"async\" width=\"1024\" height=\"479\" src=\"http:\/\/susucoats.eu\/wp-content\/uploads\/2024\/03\/Screenshot-2024-03-16-at-19.05.59-1024x479.png\" alt=\"\" class=\"wp-image-16\" srcset=\"https:\/\/susucoats.eu\/wp-content\/uploads\/2024\/03\/Screenshot-2024-03-16-at-19.05.59-1024x479.png 1024w, https:\/\/susucoats.eu\/wp-content\/uploads\/2024\/03\/Screenshot-2024-03-16-at-19.05.59-300x140.png 300w, https:\/\/susucoats.eu\/wp-content\/uploads\/2024\/03\/Screenshot-2024-03-16-at-19.05.59-768x360.png 768w, https:\/\/susucoats.eu\/wp-content\/uploads\/2024\/03\/Screenshot-2024-03-16-at-19.05.59-1536x719.png 1536w, https:\/\/susucoats.eu\/wp-content\/uploads\/2024\/03\/Screenshot-2024-03-16-at-19.05.59-2048x959.png 2048w, https:\/\/susucoats.eu\/wp-content\/uploads\/2024\/03\/Screenshot-2024-03-16-at-19.05.59-1568x734.png 1568w\" sizes=\"auto, (max-width: 1024px) 100vw, 1024px\" \/><\/figure>\n<\/div>\n\n\n\n<div class=\"wp-block-column is-layout-flow wp-block-column-is-layout-flow\">\n<p>Welkom bij SuSuCoats, waar we een revolutie ontketenen op het gebied van oppervlaktebescherming tegen mechanische en omgevingsinvloeden zoals corrosie, slijtage en verwering. Elk jaar gaan er miljarden verloren door corrosiegerelateerde schade en niet-duurzame coatingsystemen. <\/p>\n\n\n\n<p>SuSuCoats biedt gesubsidieerde innovatieve onderzoeksoplossingen om tegemoet te komen aan de maatschappelijke vraag naar milieuvriendelijke coatings en versnelt de ontwikkelingsprocessen naar een groenere toekomst die consumenten in staat stelt duurzame keuzes te maken.<\/p>\n<\/div>\n<\/div>\n\n\n\n<div class=\"wp-block-cover alignwide\"><img loading=\"lazy\" decoding=\"async\" width=\"2560\" height=\"1707\" class=\"wp-block-cover__image-background wp-image-114\" alt=\"\" src=\"http:\/\/susucoats.eu\/wp-content\/uploads\/2024\/03\/2023_06_15StudierendeimHIT-17-scaled.jpg\" data-object-fit=\"cover\" srcset=\"https:\/\/susucoats.eu\/wp-content\/uploads\/2024\/03\/2023_06_15StudierendeimHIT-17-scaled.jpg 2560w, https:\/\/susucoats.eu\/wp-content\/uploads\/2024\/03\/2023_06_15StudierendeimHIT-17-300x200.jpg 300w, https:\/\/susucoats.eu\/wp-content\/uploads\/2024\/03\/2023_06_15StudierendeimHIT-17-1024x683.jpg 1024w, https:\/\/susucoats.eu\/wp-content\/uploads\/2024\/03\/2023_06_15StudierendeimHIT-17-768x512.jpg 768w, https:\/\/susucoats.eu\/wp-content\/uploads\/2024\/03\/2023_06_15StudierendeimHIT-17-1536x1024.jpg 1536w, https:\/\/susucoats.eu\/wp-content\/uploads\/2024\/03\/2023_06_15StudierendeimHIT-17-2048x1365.jpg 2048w\" sizes=\"auto, (max-width: 2560px) 100vw, 2560px\" \/><span aria-hidden=\"true\" class=\"wp-block-cover__background has-background-dim-70 has-background-dim\"><\/span><div class=\"wp-block-cover__inner-container has-global-padding is-layout-constrained wp-block-cover-is-layout-constrained\">\n<p class=\"has-text-align-center has-large-font-size\"><strong>De belangrijkste aspecten van het project<\/strong><\/p>\n\n\n\n<p>SuSuCoats stimuleert economische en ecologische veranderingen in oppervlaktechemie door de kloof tussen traditionele coatings en digitale innovatie te overbruggen, met behulp van de nieuwste digitale modellering. Onze gezamenlijke aanpak betrekt verschillende industri\u00eble spelers bij het ontwikkelen van marktklare, duurzame producten en het realiseren van regionale besparingen door middel van geavanceerde technologie\u00ebn voor oppervlaktebescherming.<\/p>\n<\/div><\/div>\n\n\n\n<div class=\"wp-block-columns alignwide is-layout-flex wp-container-core-columns-is-layout-28f84493 wp-block-columns-is-layout-flex\">\n<div class=\"wp-block-column is-layout-flow wp-block-column-is-layout-flow\">\n<p><strong><font style=\"vertical-align: inherit;\"><font style=\"vertical-align: inherit;\">How can we help?<\/font><\/font><\/strong><\/p>\n\n\n\n<p><font style=\"vertical-align: inherit;\"><font style=\"vertical-align: inherit;\">Whether you are a manufacturer, developer or consumer, SuSuCoats offers solutions for climate-neutral coatings through digital innovation and sustainable practices.<\/font><\/font><\/p>\n\n\n\n<figure class=\"wp-block-image aligncenter size-large\"><img loading=\"lazy\" decoding=\"async\" width=\"1024\" height=\"683\" src=\"http:\/\/susucoats.eu\/wp-content\/uploads\/2024\/03\/2023_06_15StudierendeimHIT-33-1024x683.jpg\" alt=\"\" class=\"wp-image-115\" srcset=\"https:\/\/susucoats.eu\/wp-content\/uploads\/2024\/03\/2023_06_15StudierendeimHIT-33-1024x683.jpg 1024w, https:\/\/susucoats.eu\/wp-content\/uploads\/2024\/03\/2023_06_15StudierendeimHIT-33-300x200.jpg 300w, https:\/\/susucoats.eu\/wp-content\/uploads\/2024\/03\/2023_06_15StudierendeimHIT-33-768x512.jpg 768w, https:\/\/susucoats.eu\/wp-content\/uploads\/2024\/03\/2023_06_15StudierendeimHIT-33-1536x1024.jpg 1536w, https:\/\/susucoats.eu\/wp-content\/uploads\/2024\/03\/2023_06_15StudierendeimHIT-33-2048x1365.jpg 2048w\" sizes=\"auto, (max-width: 1024px) 100vw, 1024px\" \/><\/figure>\n<\/div>\n<\/div>\n\n\n\n<h2 class=\"wp-block-heading\"><\/h2>","protected":false},"excerpt":{"rendered":"<p>Willkommen bei SuSuCoats, wo wir den Oberfl\u00e4chenschutz gegen mechanische und umweltbedingte Einfl\u00fcsse wie Korrosion, Abrieb und Verwitterung revolutionieren. J\u00e4hrlich gehen Milliardenbetr\u00e4ge durch korrosionsbedingte Sch\u00e4den und nicht nachhaltige Anstrichsysteme verloren. SuSuCoats bietet subventionierte innovative Forschungsl\u00f6sungen, um den gesellschaftlichen Anforderungen an umweltfreundliche Beschichtungen gerecht zu werden und die Entwicklungsprozesse auf dem Weg in eine gr\u00fcnere Zukunft zu [&hellip;]<\/p>","protected":false},"author":2,"featured_media":0,"parent":0,"menu_order":0,"comment_status":"closed","ping_status":"closed","template":"","meta":{"footnotes":""},"class_list":["post-13","page","type-page","status-publish","hentry"],"_links":{"self":[{"href":"https:\/\/susucoats.eu\/nl\/wp-json\/wp\/v2\/pages\/13","targetHints":{"allow":["GET"]}}],"collection":[{"href":"https:\/\/susucoats.eu\/nl\/wp-json\/wp\/v2\/pages"}],"about":[{"href":"https:\/\/susucoats.eu\/nl\/wp-json\/wp\/v2\/types\/page"}],"author":[{"embeddable":true,"href":"https:\/\/susucoats.eu\/nl\/wp-json\/wp\/v2\/users\/2"}],"replies":[{"embeddable":true,"href":"https:\/\/susucoats.eu\/nl\/wp-json\/wp\/v2\/comments?post=13"}],"version-history":[{"count":21,"href":"https:\/\/susucoats.eu\/nl\/wp-json\/wp\/v2\/pages\/13\/revisions"}],"predecessor-version":[{"id":451,"href":"https:\/\/susucoats.eu\/nl\/wp-json\/wp\/v2\/pages\/13\/revisions\/451"}],"wp:attachment":[{"href":"https:\/\/susucoats.eu\/nl\/wp-json\/wp\/v2\/media?parent=13"}],"curies":[{"name":"wp","href":"https:\/\/api.w.org\/{rel}","templated":true}]}}